{"id":58,"date":"2016-05-28T13:52:35","date_gmt":"2016-05-28T11:52:35","guid":{"rendered":"http:\/\/fitimberufsleben.de\/?page_id=58"},"modified":"2016-09-18T14:11:13","modified_gmt":"2016-09-18T12:11:13","slug":"leistungen","status":"publish","type":"page","link":"https:\/\/fitimberufsleben.de\/index.php\/leistungen\/","title":{"rendered":"Leistungen"},"content":{"rendered":"<h1>Unsere Leistungen:<\/h1>\n<h4><a href=\"http:\/\/fitimberufsleben.de\/index.php\/leistungen\/gesundheit-ist-chefsache\/\">Gesundheit ist Chefsache<\/a><\/h4>\n<h4><a href=\"http:\/\/fitimberufsleben.de\/index.php\/leistungen\/rueckenfroh-im-buero\/\">R\u00fcckenfroh im B\u00fcro<\/a><\/h4>\n<h4><a href=\"http:\/\/fitimberufsleben.de\/index.php\/leistungen\/stressbewaeltigung\/\">Stressbew\u00e4ltigung<\/a><\/h4>\n<h4><a href=\"http:\/\/fitimberufsleben.de\/index.php\/leistungen\/autogenes-training\/\">Autogenes Training<\/a><\/h4>\n<h4><a href=\"http:\/\/fitimberufsleben.de\/index.php\/leistungen\/yoga\/\">Yoga<\/a><\/h4>\n<h4><a href=\"http:\/\/fitimberufsleben.de\/index.php\/leistungen\/pausengestaltung\/\">Pausengestaltung<\/a><\/h4>\n<h4><a href=\"http:\/\/fitimberufsleben.de\/index.php\/leistungen\/nordic-walking\/\">Nordic Walking<\/a><\/h4>\n<h4><a href=\"http:\/\/fitimberufsleben.de\/index.php\/leistungen\/firmenfitness\/\">Firmenfitness<\/a><\/h4>\n<h4><a href=\"http:\/\/fitimberufsleben.de\/index.php\/leistungen\/physiotherapeutische-sprechstunde\/\">Physiotherapeutische Sprechstunde<\/a><\/h4>\n","protected":false},"excerpt":{"rendered":"<p>Unsere Leistungen: Gesundheit ist Chefsache R\u00fcckenfroh im B\u00fcro Stressbew\u00e4ltigung Autogenes Training Yoga Pausengestaltung Nordic Walking Firmenfitness Physiotherapeutische Sprechstunde<\/p>\n","protected":false},"author":1,"featured_media":0,"parent":0,"menu_order":0,"comment_status":"closed","ping_status":"closed","template":"template-blank-1.php","meta":{"footnotes":""},"class_list":["post-58","page","type-page","status-publish","hentry","no-post-thumbnail"],"_links":{"self":[{"href":"https:\/\/fitimberufsleben.de\/index.php\/wp-json\/wp\/v2\/pages\/58","targetHints":{"allow":["GET"]}}],"collection":[{"href":"https:\/\/fitimberufsleben.de\/index.php\/wp-json\/wp\/v2\/pages"}],"about":[{"href":"https:\/\/fitimberufsleben.de\/index.php\/wp-json\/wp\/v2\/types\/page"}],"author":[{"embeddable":true,"href":"https:\/\/fitimberufsleben.de\/index.php\/wp-json\/wp\/v2\/users\/1"}],"replies":[{"embeddable":true,"href":"https:\/\/fitimberufsleben.de\/index.php\/wp-json\/wp\/v2\/comments?post=58"}],"version-history":[{"count":5,"href":"https:\/\/fitimberufsleben.de\/index.php\/wp-json\/wp\/v2\/pages\/58\/revisions"}],"predecessor-version":[{"id":208,"href":"https:\/\/fitimberufsleben.de\/index.php\/wp-json\/wp\/v2\/pages\/58\/revisions\/208"}],"wp:attachment":[{"href":"https:\/\/fitimberufsleben.de\/index.php\/wp-json\/wp\/v2\/media?parent=58"}],"curies":[{"name":"wp","href":"https:\/\/api.w.org\/{rel}","templated":true}]}}