{"id":62,"date":"2016-05-28T13:56:02","date_gmt":"2016-05-28T11:56:02","guid":{"rendered":"http:\/\/fitimberufsleben.de\/?page_id=62"},"modified":"2016-09-18T14:08:50","modified_gmt":"2016-09-18T12:08:50","slug":"gesundheit-ist-chefsache","status":"publish","type":"page","link":"https:\/\/fitimberufsleben.de\/index.php\/leistungen\/gesundheit-ist-chefsache\/","title":{"rendered":"Gesundheit ist Chefsache"},"content":{"rendered":"<h1 class=\"p1\"><span class=\"s1\" style=\"color: #00b050;\"><b>Workshop: \u201eGesundheit ist Chefsache\u201c<\/b><\/span><\/h1>\n<p class=\"p1\"><span class=\"s1\">Der Workshop richtet sich an Personalverantwortliche, F\u00fchrungskr\u00e4fte und Organisationsentwickler.<\/span><\/p>\n<p class=\"p1\"><span class=\"s1\">Es werden die wichtigsten Grundlagen von ganzheitlichem und nachhaltigem betrieblichem Gesundheitsmanagement (BGM) vermittelt (ROI, Zahlen &#8211; Daten &#8211; Fakten).<\/span><\/p>\n<p class=\"p1\"><span class=\"s1\">Die vermittelte Wissensbasis, \u00fcber die Zusammenh\u00e4nge von Arbeit, Gesundheit, Teamzusammensetzung, Arbeitspr\u00e4ferenzen etc., soll anregen BGM zu einem festen Bestandteil in Ihrem Unternehmen zu machen.<\/span><\/p>\n<p class=\"p1\"><span class=\"s1\">Oft hat das Tagesgesch\u00e4ft, ein hoher Krankenstand oder eine schwierige Marktlage Vorrang. Doch gerade gesunde, zufriedene, motivierte und leistungsf\u00e4hige Mitarbeiter sind das wichtigste Kapital eines Unternehmens.<\/span><\/p>\n<p class=\"p1\"><span class=\"s1\">Jedes Unternehmen ist anders aufgestellt (Region, Branche, Personal, Firmengeschichte, Marktlage etc.), und ben\u00f6tigt deshalb ein auf diese Faktoren individuell abgestimmtes Gesundheitskonzept.<\/span><\/p>\n<p class=\"p1\"><span class=\"s1\">Der Halbtagesworkshop \u201eGesundheit ist Chefsache\u201c eignet sich sehr gut als Einstieg in das betriebliche Gesundheitsmanagement.<\/span><\/p>\n<p class=\"p1\"><span class=\"s1\">Danach wird auf F\u00fchrungsebene, oft erg\u00e4nzt um eine Mitarbeiterbefragung, entschieden, welche Ma\u00dfnahmen (Workshops, ergonomische Beratungen, Gesundheitstag, gesundes Essen in der Kantine, Obstkorb, Bewegungs- oder Entspannungskurse, physiotherapeutische Sprechstunden etc.) im Unternehmen durchgef\u00fchrt werden.<\/span><\/p>\n","protected":false},"excerpt":{"rendered":"<p>Workshop: \u201eGesundheit ist Chefsache\u201c Der Workshop richtet sich an Personalverantwortliche, F\u00fchrungskr\u00e4fte und Organisationsentwickler. Es werden die wichtigsten Grundlagen von ganzheitlichem und nachhaltigem betrieblichem Gesundheitsmanagement (BGM) vermittelt (ROI, Zahlen &#8211; Daten &#8211; Fakten). Die vermittelte Wissensbasis, \u00fcber die Zusammenh\u00e4nge von Arbeit, Gesundheit, Teamzusammensetzung, Arbeitspr\u00e4ferenzen etc., soll anregen BGM zu einem festen Bestandteil in Ihrem Unternehmen zu machen. Oft hat das Tagesgesch\u00e4ft, &#8230; <\/p>\n<div><a href=\"https:\/\/fitimberufsleben.de\/index.php\/leistungen\/gesundheit-ist-chefsache\/\" class=\"more-link\">Read More<\/a><\/div>\n","protected":false},"author":1,"featured_media":0,"parent":58,"menu_order":0,"comment_status":"closed","ping_status":"closed","template":"template-blank-1.php","meta":{"footnotes":""},"class_list":["post-62","page","type-page","status-publish","hentry","no-post-thumbnail"],"_links":{"self":[{"href":"https:\/\/fitimberufsleben.de\/index.php\/wp-json\/wp\/v2\/pages\/62","targetHints":{"allow":["GET"]}}],"collection":[{"href":"https:\/\/fitimberufsleben.de\/index.php\/wp-json\/wp\/v2\/pages"}],"about":[{"href":"https:\/\/fitimberufsleben.de\/index.php\/wp-json\/wp\/v2\/types\/page"}],"author":[{"embeddable":true,"href":"https:\/\/fitimberufsleben.de\/index.php\/wp-json\/wp\/v2\/users\/1"}],"replies":[{"embeddable":true,"href":"https:\/\/fitimberufsleben.de\/index.php\/wp-json\/wp\/v2\/comments?post=62"}],"version-history":[{"count":6,"href":"https:\/\/fitimberufsleben.de\/index.php\/wp-json\/wp\/v2\/pages\/62\/revisions"}],"predecessor-version":[{"id":203,"href":"https:\/\/fitimberufsleben.de\/index.php\/wp-json\/wp\/v2\/pages\/62\/revisions\/203"}],"up":[{"embeddable":true,"href":"https:\/\/fitimberufsleben.de\/index.php\/wp-json\/wp\/v2\/pages\/58"}],"wp:attachment":[{"href":"https:\/\/fitimberufsleben.de\/index.php\/wp-json\/wp\/v2\/media?parent=62"}],"curies":[{"name":"wp","href":"https:\/\/api.w.org\/{rel}","templated":true}]}}