{"id":74,"date":"2016-05-28T14:01:34","date_gmt":"2016-05-28T12:01:34","guid":{"rendered":"http:\/\/fitimberufsleben.de\/?page_id=74"},"modified":"2016-09-29T22:12:51","modified_gmt":"2016-09-29T20:12:51","slug":"physiotherapeutische-sprechstunde","status":"publish","type":"page","link":"https:\/\/fitimberufsleben.de\/index.php\/leistungen\/physiotherapeutische-sprechstunde\/","title":{"rendered":"Physiotherapeutische Sprechstunde"},"content":{"rendered":"<h1 class=\"p1\"><font color=\"#00b050\">Physiotherapeutische Sprechstunde<\/font><\/h1>\n<p class=\"p1\">\n<p class=\"p1\"><span class=\"s1\">Jedes Unternehmen w\u00fcnscht sich gesunde, leistungsf\u00e4hige, motivierte und zufriedene Mitarbeiter. Wir machen Ihre Mitarbeiter fit f\u00fcr die Zukunft!<\/span><\/p>\n<p class=\"p3\"><span class=\"s1\" style=\"color: #00b050;\">Gesundheit ist Lebensqualit\u00e4t!<\/span><\/p>\n<p class=\"p1\"><span class=\"s1\">Ein bewusster Umgang mit der Gesundheit von K\u00f6rper, Geist und Seele steigert das pers\u00f6nliche Wohlbefinden in Familie, Beruf und Freizeit.<\/span><\/p>\n<p class=\"p3\"><span class=\"s1\" style=\"color: #00b050;\">Evolutionsbedingt sind wir Menschen f\u00fcr ein Leben mit viel Bewegung gemacht!<\/span><\/p>\n<p class=\"p1\"><span class=\"s1\">Im 21. Jahrhundert aber bekommt die Bewegung im Arbeits- und Privatleben einen immer geringeren Stellenwert. Viel zu langes Sitzen und einseitige Belastungen sind h\u00e4ufige Ursachen f\u00fcr R\u00fcckenschmerzen. <\/span><\/p>\n<p class=\"p1\"><span class=\"s1\">In der aktuellen Krankheitsartenstatistik stehen die Erkrankungen des Bewegungssystems (Muskel- und Skeletterkrankungen) unangefochten an erster Stelle und f\u00fchren h\u00e4ufig zu Arbeitsunf\u00e4higkeiten.<\/span><\/p>\n<p class=\"p3\"><span class=\"s1\" style=\"color: #00b050;\">Wir sind die Profis f\u00fcr die Bewegung!<\/span><\/p>\n<p class=\"p1\"><span class=\"s1\">In einer physiotherapeutischen Einzelberatung haben Ihre Mitarbeiter die M\u00f6glichkeit sich von speziell ausgebildeten Physiotherapeuten individuell befunden und beraten zu lassen, um so den Erkrankungen des Bewegungssystems entgegenzuwirken.<\/span><\/p>\n<p class=\"p1\"><span class=\"s1\">Eine physiotherapeutische Beratung dauert 40 Minuten.<\/span><\/p>\n","protected":false},"excerpt":{"rendered":"<p>Physiotherapeutische Sprechstunde Jedes Unternehmen w\u00fcnscht sich gesunde, leistungsf\u00e4hige, motivierte und zufriedene Mitarbeiter. Wir machen Ihre Mitarbeiter fit f\u00fcr die Zukunft! Gesundheit ist Lebensqualit\u00e4t! Ein bewusster Umgang mit der Gesundheit von K\u00f6rper, Geist und Seele steigert das pers\u00f6nliche Wohlbefinden in Familie, Beruf und Freizeit. Evolutionsbedingt sind wir Menschen f\u00fcr ein Leben mit viel Bewegung gemacht! Im 21. Jahrhundert aber bekommt die &#8230; <\/p>\n<div><a href=\"https:\/\/fitimberufsleben.de\/index.php\/leistungen\/physiotherapeutische-sprechstunde\/\" class=\"more-link\">Read More<\/a><\/div>\n","protected":false},"author":1,"featured_media":0,"parent":58,"menu_order":0,"comment_status":"closed","ping_status":"closed","template":"template-blank-1.php","meta":{"footnotes":""},"class_list":["post-74","page","type-page","status-publish","hentry","no-post-thumbnail"],"_links":{"self":[{"href":"https:\/\/fitimberufsleben.de\/index.php\/wp-json\/wp\/v2\/pages\/74","targetHints":{"allow":["GET"]}}],"collection":[{"href":"https:\/\/fitimberufsleben.de\/index.php\/wp-json\/wp\/v2\/pages"}],"about":[{"href":"https:\/\/fitimberufsleben.de\/index.php\/wp-json\/wp\/v2\/types\/page"}],"author":[{"embeddable":true,"href":"https:\/\/fitimberufsleben.de\/index.php\/wp-json\/wp\/v2\/users\/1"}],"replies":[{"embeddable":true,"href":"https:\/\/fitimberufsleben.de\/index.php\/wp-json\/wp\/v2\/comments?post=74"}],"version-history":[{"count":6,"href":"https:\/\/fitimberufsleben.de\/index.php\/wp-json\/wp\/v2\/pages\/74\/revisions"}],"predecessor-version":[{"id":213,"href":"https:\/\/fitimberufsleben.de\/index.php\/wp-json\/wp\/v2\/pages\/74\/revisions\/213"}],"up":[{"embeddable":true,"href":"https:\/\/fitimberufsleben.de\/index.php\/wp-json\/wp\/v2\/pages\/58"}],"wp:attachment":[{"href":"https:\/\/fitimberufsleben.de\/index.php\/wp-json\/wp\/v2\/media?parent=74"}],"curies":[{"name":"wp","href":"https:\/\/api.w.org\/{rel}","templated":true}]}}